{"id":11524,"date":"2021-10-04T18:51:30","date_gmt":"2021-10-04T18:51:30","guid":{"rendered":"http:\/\/formadrain.com\/trenchless-process\/"},"modified":"2021-10-30T03:33:54","modified_gmt":"2021-10-30T03:33:54","slug":"procede-sans-tranchee","status":"publish","type":"page","link":"https:\/\/formadrain.com\/fr\/procede-sans-tranchee\/","title":{"rendered":"Proc\u00e9d\u00e9 sans tranch\u00e9e"},"content":{"rendered":"","protected":false},"excerpt":{"rendered":"<p> [&#8230;]<\/p>\n<p><a class=\"btn btn-secondary understrap-read-more-link\" href=\"https:\/\/formadrain.com\/fr\/procede-sans-tranchee\/\">Read More&#8230;<span class=\"screen-reader-text\"> from Proc\u00e9d\u00e9 sans tranch\u00e9e<\/span><\/a><\/p>\n","protected":false},"author":9,"featured_media":0,"parent":0,"menu_order":22,"comment_status":"closed","ping_status":"closed","template":"page-process.php","meta":{"_acf_changed":false,"footnotes":""},"class_list":["post-11524","page","type-page","status-publish","hentry"],"acf":[],"aioseo_notices":[],"_links":{"self":[{"href":"https:\/\/formadrain.com\/fr\/wp-json\/wp\/v2\/pages\/11524","targetHints":{"allow":["GET"]}}],"collection":[{"href":"https:\/\/formadrain.com\/fr\/wp-json\/wp\/v2\/pages"}],"about":[{"href":"https:\/\/formadrain.com\/fr\/wp-json\/wp\/v2\/types\/page"}],"author":[{"embeddable":true,"href":"https:\/\/formadrain.com\/fr\/wp-json\/wp\/v2\/users\/9"}],"replies":[{"embeddable":true,"href":"https:\/\/formadrain.com\/fr\/wp-json\/wp\/v2\/comments?post=11524"}],"version-history":[{"count":1,"href":"https:\/\/formadrain.com\/fr\/wp-json\/wp\/v2\/pages\/11524\/revisions"}],"predecessor-version":[{"id":11525,"href":"https:\/\/formadrain.com\/fr\/wp-json\/wp\/v2\/pages\/11524\/revisions\/11525"}],"wp:attachment":[{"href":"https:\/\/formadrain.com\/fr\/wp-json\/wp\/v2\/media?parent=11524"}],"curies":[{"name":"wp","href":"https:\/\/api.w.org\/{rel}","templated":true}]}}