{"id":11635,"date":"2021-11-04T14:23:10","date_gmt":"2021-11-04T14:23:10","guid":{"rendered":"http:\/\/formadrain.com\/?page_id=11635"},"modified":"2025-05-27T13:41:56","modified_gmt":"2025-05-27T17:41:56","slug":"confidentialite","status":"publish","type":"page","link":"https:\/\/formadrain.com\/fr\/confidentialite\/","title":{"rendered":"Politique de confidentialit\u00e9"},"content":{"rendered":"\n<p>FORMADRAIN prend les questions de confidentialit\u00e9 tr\u00e8s au s\u00e9rieux et prend les mesures n\u00e9cessaires pour assurer la confidentialit\u00e9 des informations qui vous concernent personnellement.<\/p>\n\n\n\n<p>Par \u00ab renseignements personnels \u00bb, nous entendons toute information vous concernant que vous nous fournissez volontairement et qui est utilis\u00e9e pour vous identifier et traiter vos demandes.<\/p>\n\n\n\n<p><strong>Protection de votre information<\/strong><\/p>\n\n\n\n<p>Les renseignements personnels recueillis par formadrain.com sont strictement confidentiels. Les seuls employ\u00e9s ayant acc\u00e8s \u00e0 ces renseignements personnels sont ceux qui sont autoris\u00e9s \u00e0 traiter les questions ou demandes qui concernent les informations fournies. Sauf obligation de fournir un service auquel vous \u00eates inscrit ou pour donner effet \u00e0 une ordonnance du tribunal, les informations personnelles ne seront jamais rendues publiques ou vendues ni communiqu\u00e9es \u00e0 des tiers sans votre consentement. FORMADRAIN applique diff\u00e9rentes r\u00e8gles pour prot\u00e9ger vos renseignements personnels. Nous ne divulguons pas d\u2019informations sur nos membres sans leur consentement.<\/p>\n\n\n\n<p><strong>Pourquoi recueillons-nous des renseignements personnels sur ce site?<\/strong><\/p>\n\n\n\n<p>Les renseignements personnels que nous recueillons sur vous sur <a href=\"http:\/\/www.formadrain.com\">www.formadrain.com<\/a>, sur les formulaires de contact, par t\u00e9l\u00e9phone, feuille de travail ou contrat, sont utilis\u00e9s pour traiter les demandes que vous nous adressez.<\/p>\n\n\n\n<p><strong>Renseignements recueillis automatiquement<\/strong><\/p>\n\n\n\n<p>Les \u00ab cookies \u00bb ou \u00ab t\u00e9moins \u00bb sont des petits fichiers texte qui s\u2019incorporent dans votre disque dur \u00e0 partir de certaines pages Web. Les t\u00e9moins sont inoffensifs en ce qu\u2019ils ne peuvent pas extraire des informations de votre disque dur, sur lequel vous avez le plein contr\u00f4le. Formadrain.com utilise des t\u00e9moins afin notamment d\u2019\u00e9tablir l\u2019achalandage de ce site, de transmettre des informations utiles \u00e0 notre marketing, et de personnaliser l\u2019utilisation future que vous ferez de ce site. Cette technologie ne met pas syst\u00e9matiquement \u00e0 la disposition FORMADRAIN des informations personnelles vous concernant. Les fournisseurs tiers, y compris Google, diffusent nos annonces sur des sites Web. Les fournisseurs tiers, y compris Google, utilisent des cookies pour diffuser des annonces en fonction des visites ant\u00e9rieures des internautes sur ce site. Vous pouvez d\u00e9sactiver l\u2019utilisation des cookies par Google via la page [Publicit\u00e9 et confidentialit\u00e9].<\/p>\n\n\n\n<p><strong>Liens vers des sites tiers<\/strong><\/p>\n\n\n\n<p>Pour votre commodit\u00e9, formadrain.com fournit des liens vers les sites de tiers ou des sections de leurs sites. Cependant, FORMADRAIN n\u2019a aucun contr\u00f4le sur le contenu ou le fonctionnement de ces sites ni ne contr\u00f4le la confidentialit\u00e9 ou des pratiques de confidentialit\u00e9 des exploitants de sites. Par cons\u00e9quent, toutes les informations personnelles que vous transmettez par l\u2019interm\u00e9diaire de ces sites sont r\u00e9gies par les politiques des sites en question de la vie priv\u00e9e. Il est donc de votre responsabilit\u00e9 de vous renseigner sur leurs politiques afin de prot\u00e9ger les donn\u00e9es qui vous concernent.<\/p>\n\n\n\n<p><strong>Politique de courriel<\/strong><\/p>\n\n\n\n<p>FORMADRAIN ne fait aucune sollicitation pour obtenir des informations personnelles et confidentielles par courriel ou autrement.<\/p>\n\n\n\n<p><strong>Conservation et destruction des renseignements personnels&nbsp;<\/strong><\/p>\n\n\n\n<p>Selon le niveau de sensibilit\u00e9 et la finalit\u00e9 pour laquelle les informations ont \u00e9t\u00e9 collect\u00e9es, les informations personnelles doivent g\u00e9n\u00e9ralement \u00eatre conserv\u00e9es pendant une p\u00e9riode d&rsquo;au moins un \u00e0 sept ans, \u00e0 moins qu&rsquo;une p\u00e9riode de conservation minimale pour un type sp\u00e9cifique de renseignements ne soit requise par la loi ou la r\u00e9glementation applicable. La dur\u00e9e de conservation peut \u00eatre prolong\u00e9e en cas de litige.<\/p>\n\n\n\n<p><strong>Responsable des plaintes et de la protection des renseignements personnels<\/strong>Pour toute demande ou pr\u00e9occupation concernant le traitement des renseignements personnels qui sont en notre possession, communiquez avec notre responsable Sandra Palma, courriel&nbsp;:&nbsp;<a href=\"mailto:prp@formadrain.com\">prp@formadrain.com<\/a>. Nous r\u00e9pondrons \u00e0 vos pr\u00e9occupations conform\u00e9ment \u00e0 la l\u00e9gislation applicable.<\/p>\n\n\n\n<p><\/p>\n","protected":false},"excerpt":{"rendered":"<p>FORMADRAIN prend les questions de confidentialit\u00e9 tr\u00e8s au s\u00e9rieux et prend les mesures n\u00e9cessaires pour assurer la confidentialit\u00e9 des informations qui vous concernent personnellement. Par \u00ab renseignements personnels \u00bb, nous entendons toute information vous concernant que vous nous fournissez volontairement et qui est utilis\u00e9e pour vous identifier et traiter vos demandes. Protection de votre information [&#8230;]<\/p>\n<p><a class=\"btn btn-secondary understrap-read-more-link\" href=\"https:\/\/formadrain.com\/fr\/confidentialite\/\">Read More&#8230;<span class=\"screen-reader-text\"> from Politique de confidentialit\u00e9<\/span><\/a><\/p>\n","protected":false},"author":9,"featured_media":0,"parent":0,"menu_order":0,"comment_status":"closed","ping_status":"closed","template":"","meta":{"_acf_changed":false,"footnotes":""},"class_list":["post-11635","page","type-page","status-publish","hentry"],"acf":[],"aioseo_notices":[],"_links":{"self":[{"href":"https:\/\/formadrain.com\/fr\/wp-json\/wp\/v2\/pages\/11635","targetHints":{"allow":["GET"]}}],"collection":[{"href":"https:\/\/formadrain.com\/fr\/wp-json\/wp\/v2\/pages"}],"about":[{"href":"https:\/\/formadrain.com\/fr\/wp-json\/wp\/v2\/types\/page"}],"author":[{"embeddable":true,"href":"https:\/\/formadrain.com\/fr\/wp-json\/wp\/v2\/users\/9"}],"replies":[{"embeddable":true,"href":"https:\/\/formadrain.com\/fr\/wp-json\/wp\/v2\/comments?post=11635"}],"version-history":[{"count":5,"href":"https:\/\/formadrain.com\/fr\/wp-json\/wp\/v2\/pages\/11635\/revisions"}],"predecessor-version":[{"id":13635,"href":"https:\/\/formadrain.com\/fr\/wp-json\/wp\/v2\/pages\/11635\/revisions\/13635"}],"wp:attachment":[{"href":"https:\/\/formadrain.com\/fr\/wp-json\/wp\/v2\/media?parent=11635"}],"curies":[{"name":"wp","href":"https:\/\/api.w.org\/{rel}","templated":true}]}}